{"id":7,"date":"2025-10-23T10:42:39","date_gmt":"2025-10-23T10:42:39","guid":{"rendered":"https:\/\/steadia.fr\/?page_id=7"},"modified":"2025-10-23T16:17:50","modified_gmt":"2025-10-23T16:17:50","slug":"home","status":"publish","type":"page","link":"https:\/\/steadia.fr\/","title":{"rendered":"Stedia"},"content":{"rendered":"\n<div class=\"wp-block-buttons is-content-justification-right is-layout-flex wp-container-core-buttons-is-layout-d445cf74 wp-block-buttons-is-layout-flex\">\n<div class=\"wp-block-button\"><a class=\"wp-block-button__link wp-element-button\" href=\"https:\/\/cal.com\/steadia-rendez-vous\/20min\" target=\"_blank\" rel=\"noreferrer noopener\">Prendre rendez-vous <\/a><\/div>\n<\/div>\n\n\n\n<div class=\"wp-block-group alignfull has-luminous-vivid-amber-color has-ast-global-color-8-background-color has-text-color has-background has-link-color wp-elements-70bc2a6ad50a9e40504be1f106577ad6 is-layout-constrained wp-container-core-group-is-layout-6a2cfb7b wp-block-group-is-layout-constrained\" id=\"reviews\">\n<figure class=\"wp-block-image aligncenter size-full is-resized\"><img loading=\"lazy\" decoding=\"async\" width=\"1179\" height=\"1517\" src=\"https:\/\/steadia.fr\/wp-content\/uploads\/2025\/10\/IMG_0723.jpeg\" alt=\"\" class=\"wp-image-27\" style=\"width:128px;height:auto\" srcset=\"https:\/\/steadia.fr\/wp-content\/uploads\/2025\/10\/IMG_0723.jpeg 1179w, https:\/\/steadia.fr\/wp-content\/uploads\/2025\/10\/IMG_0723-233x300.jpeg 233w, https:\/\/steadia.fr\/wp-content\/uploads\/2025\/10\/IMG_0723-796x1024.jpeg 796w, https:\/\/steadia.fr\/wp-content\/uploads\/2025\/10\/IMG_0723-768x988.jpeg 768w\" sizes=\"auto, (max-width: 1179px) 100vw, 1179px\" \/><\/figure>\n\n\n\n<p class=\"has-text-align-center has-white-color has-text-color has-link-color wp-elements-a935126c4f64e2e8d316394b451976c8\" style=\"font-size:22px;line-height:1.6\">\u201cEt si la cl\u00e9 pour remplir vos r\u00e9sidences et fid\u00e9liser les familles r\u00e9sidait dans votre capacit\u00e9 \u00e0 prouver que vous prot\u00e9gez vraiment vos r\u00e9sidents\u201d<\/p>\n\n\n\n<p class=\"has-text-align-center\"><strong>Ingrid Ouardjani Fondatrice <\/strong><\/p>\n<\/div>\n\n\n\n<p><\/p>\n","protected":false},"excerpt":{"rendered":"<p>\u201cEt si la cl\u00e9 pour remplir vos r\u00e9sidences et fid\u00e9liser les familles r\u00e9sidait dans votre capacit\u00e9 \u00e0 prouver que vous [&hellip;]<\/p>\n","protected":false},"author":1,"featured_media":24,"parent":0,"menu_order":0,"comment_status":"closed","ping_status":"closed","template":"","meta":{"site-sidebar-layout":"no-sidebar","site-content-layout":"plain-container","ast-site-content-layout":"default","site-content-style":"default","site-sidebar-style":"default","ast-global-header-display":"","ast-banner-title-visibility":"","ast-main-header-display":"","ast-hfb-above-header-display":"","ast-hfb-below-header-display":"","ast-hfb-mobile-header-display":"","site-post-title":"disabled","ast-breadcrumbs-content":"","ast-featured-img":"","footer-sml-layout":"","theme-transparent-header-meta":"enabled","adv-header-id-meta":"","stick-header-meta":"","header-above-stick-meta":"","header-main-stick-meta":"","header-below-stick-meta":"","astra-migrate-meta-layouts":"default","ast-page-background-enabled":"default","ast-page-background-meta":{"desktop":{"background-color":"var(--ast-global-color-5)","background-image":"","background-repeat":"repeat","background-position":"center center","background-size":"auto","background-attachment":"scroll","background-type":"","background-media":"","overlay-type":"","overlay-color":"","overlay-opacity":"","overlay-gradient":""},"tablet":{"background-color":"","background-image":"","background-repeat":"repeat","background-position":"center center","background-size":"auto","background-attachment":"scroll","background-type":"","background-media":"","overlay-type":"","overlay-color":"","overlay-opacity":"","overlay-gradient":""},"mobile":{"background-color":"","background-image":"","background-repeat":"repeat","background-position":"center center","background-size":"auto","background-attachment":"scroll","background-type":"","background-media":"","overlay-type":"","overlay-color":"","overlay-opacity":"","overlay-gradient":""}},"ast-content-background-meta":{"desktop":{"background-color":"var(--ast-global-color-4)","background-image":"","background-repeat":"repeat","background-position":"center center","background-size":"auto","background-attachment":"scroll","background-type":"","background-media":"","overlay-type":"","overlay-color":"","overlay-opacity":"","overlay-gradient":""},"tablet":{"background-color":"var(--ast-global-color-4)","background-image":"","background-repeat":"repeat","background-position":"center center","background-size":"auto","background-attachment":"scroll","background-type":"","background-media":"","overlay-type":"","overlay-color":"","overlay-opacity":"","overlay-gradient":""},"mobile":{"background-color":"var(--ast-global-color-4)","background-image":"","background-repeat":"repeat","background-position":"center center","background-size":"auto","background-attachment":"scroll","background-type":"","background-media":"","overlay-type":"","overlay-color":"","overlay-opacity":"","overlay-gradient":""}},"footnotes":""},"class_list":["post-7","page","type-page","status-publish","has-post-thumbnail","hentry"],"_links":{"self":[{"href":"https:\/\/steadia.fr\/index.php?rest_route=\/wp\/v2\/pages\/7","targetHints":{"allow":["GET"]}}],"collection":[{"href":"https:\/\/steadia.fr\/index.php?rest_route=\/wp\/v2\/pages"}],"about":[{"href":"https:\/\/steadia.fr\/index.php?rest_route=\/wp\/v2\/types\/page"}],"author":[{"embeddable":true,"href":"https:\/\/steadia.fr\/index.php?rest_route=\/wp\/v2\/users\/1"}],"replies":[{"embeddable":true,"href":"https:\/\/steadia.fr\/index.php?rest_route=%2Fwp%2Fv2%2Fcomments&post=7"}],"version-history":[{"count":10,"href":"https:\/\/steadia.fr\/index.php?rest_route=\/wp\/v2\/pages\/7\/revisions"}],"predecessor-version":[{"id":48,"href":"https:\/\/steadia.fr\/index.php?rest_route=\/wp\/v2\/pages\/7\/revisions\/48"}],"wp:featuredmedia":[{"embeddable":true,"href":"https:\/\/steadia.fr\/index.php?rest_route=\/wp\/v2\/media\/24"}],"wp:attachment":[{"href":"https:\/\/steadia.fr\/index.php?rest_route=%2Fwp%2Fv2%2Fmedia&parent=7"}],"curies":[{"name":"wp","href":"https:\/\/api.w.org\/{rel}","templated":true}]}}